{"id":3254,"date":"2026-01-29T13:45:22","date_gmt":"2026-01-29T13:45:22","guid":{"rendered":"https:\/\/kks-group.eu\/dsgvo\/"},"modified":"2026-01-30T00:07:25","modified_gmt":"2026-01-30T00:07:25","slug":"dsgvo","status":"publish","type":"page","link":"https:\/\/kks-group.eu\/de\/dsgvo\/","title":{"rendered":"DSGVO"},"content":{"rendered":"\t\t<div data-elementor-type=\"wp-page\" data-elementor-id=\"3254\" class=\"elementor elementor-3254 elementor-2949\" data-elementor-settings=\"{&quot;ha_cmc_init_switcher&quot;:&quot;no&quot;}\" data-elementor-post-type=\"page\">\n\t\t\t\t<div class=\"elementor-element elementor-element-f11b92a e-flex e-con-boxed e-con e-parent\" data-id=\"f11b92a\" data-element_type=\"container\" data-e-type=\"container\" data-settings=\"{&quot;_ha_eqh_enable&quot;:false}\">\n\t\t\t\t\t<div class=\"e-con-inner\">\n\t\t\t\t<div class=\"elementor-element elementor-element-bf03f18 elementor-widget elementor-widget-html\" data-id=\"bf03f18\" data-element_type=\"widget\" data-e-type=\"widget\" data-widget_type=\"html.default\">\n\t\t\t\t\t<article><h1 style=\"text-align:center\">DSGVO-Informationspflicht<\/h1><p>Die folgende Information stellt eine pr\u00e4gnante, verst\u00e4ndliche und transparente Zusammenfassung der in der <a href=\"https:\/\/kks-group.eu\/de\/datenschutzerklaerung\/\">Datenschutzerkl\u00e4rung<\/a> enthaltenen Informationen bez\u00fcglich des Datenverantwortlichen, des Zwecks und der Art der Verarbeitung personenbezogener Daten sowie Ihrer Rechte im Zusammenhang mit dieser Verarbeitung dar, in der Form, die zur Erf\u00fcllung der DSGVO-Informationspflicht erforderlich ist. Details zur Art der Verarbeitung und den daran beteiligten Parteien sind in der genannten Richtlinie verf\u00fcgbar. <\/p><h2>Wer ist der Datenverantwortliche?<\/h2><p>Der Verantwortliche f\u00fcr die personenbezogenen Daten (im Folgenden Verantwortlicher) ist das Unternehmen \"KKS Polska sp.z o.o\" mit Sitz in: ul. Parkowa 4B, 44-362 Rog\u00f3w, mit der Steuernummer (NIP): 6472601804, das Dienstleistungen elektronisch \u00fcber die Website anbietet. <\/p><h2>Wie k\u00f6nnen Sie den Datenverantwortlichen kontaktieren?<\/h2><p>Der Administrator kann auf eine der folgenden Weisen kontaktiert werden:<\/p><ul><li><p><strong>Postanschrift<\/strong> - KKS Polska sp.z o.o, ul. Parkowa 4B, 44-362 Rog\u00f3w <\/p><\/li> <li><p><strong>E-Mail-Adresse<\/strong> - job@kks-group.eu<\/p><\/li> <li><p><strong>Telefon<\/strong> - +48 784 120 654<\/p><\/li> <li><p><strong>Kontaktformular<\/strong> - verf\u00fcgbar unter: https:\/\/kks-group.eu\/kontakt<\/p><\/li><\/ul><h2>Hat der Verantwortliche einen Datenschutzbeauftragten bestellt?<\/h2><p>Gem\u00e4\u00df Art. 37 DSGVO hat der Administrator keinen Datenschutzbeauftragten ernannt. <\/p><p>In Angelegenheiten der Datenverarbeitung, einschlie\u00dflich personenbezogener Daten, wenden Sie sich bitte direkt an den Administrator.<\/p><h2>Woher beziehen wir personenbezogene Daten und was sind ihre Quellen?<\/h2><p>Die Daten werden aus den folgenden Quellen bezogen:<\/p><ul><li>von den betroffenen Personen<\/li><li>im Falle einer Registrierung \u00fcber soziale Netzwerke, mit der ausdr\u00fccklichen Zustimmung dieser Personen, von diesen sozialen Netzwerken<\/li><\/ul><h2>Was ist der Umfang der von uns verarbeiteten personenbezogenen Daten?<\/h2><p>Auf der Website werden <strong>gew\u00f6hnliche personenbezogene Daten<\/strong> verarbeitet, die von den betroffenen Personen freiwillig angegeben wurden<br><small>(z.B. Vor- und Nachname, Benutzername, E-Mail-Adresse, Telefonnummer, IP-Adresse usw.)<\/small><\/p><p>Der detaillierte Umfang der verarbeiteten Daten ist in der <a href=\"https:\/\/kks-group.eu\/de\/datenschutzerklaerung\/\">Datenschutzerkl\u00e4rung<\/a> verf\u00fcgbar.<\/p><h2>Was sind die Zwecke der Datenverarbeitung durch uns?<\/h2><p>Die von den Nutzern freiwillig angegebenen personenbezogenen Daten werden zu einem der folgenden Zwecke verarbeitet:<\/p><ul><li>Erbringung elektronischer Dienstleistungen:<ul><\/ul><\/li><li>Kommunikation des Administrators mit den Nutzern in Angelegenheiten des Dienstes und des Datenschutzes<\/li><li>Gew\u00e4hrleistung des berechtigten Interesses des Administrators<\/li><\/ul><h2>Was sind die Rechtsgrundlagen der Datenverarbeitung?<\/h2><p>Der Dienst erhebt und verarbeitet Nutzerdaten auf Grundlage von:<\/p><ul><li>Verordnung (EU) 2016\/679 des Europ\u00e4ischen Parlaments und des Rates vom 27. April 2016 zum Schutz nat\u00fcrlicher Personen bei der Verarbeitung personenbezogener Daten, zum freien Datenverkehr und zur Aufhebung der Richtlinie 95\/46\/EG (Datenschutz-Grundverordnung) <ul><li>Art. 6 Abs. 1 lit. a  <br><small>die betroffene Person hat ihre Einwilligung zur Verarbeitung der sie betreffenden personenbezogenen Daten f\u00fcr einen oder mehrere bestimmte Zwecke gegeben<\/small><\/li><li>Art. 6 Abs. 1 lit. b  <br><small>die Verarbeitung ist f\u00fcr die Erf\u00fcllung eines Vertrags, dessen Vertragspartei die betroffene Person ist, oder zur Durchf\u00fchrung vorvertraglicher Ma\u00dfnahmen erforderlich, die auf Anfrage der betroffenen Person erfolgen<\/small><\/li><li>Art. 6 Abs. 1 lit. f  <br><small>die Verarbeitung ist zur Wahrung der berechtigten Interessen des Verantwortlichen oder eines Dritten erforderlich<\/small><\/li><\/ul><\/li><li>Gesetz vom 10. Mai 2018 \u00fcber den Schutz personenbezogener Daten (GBl. 2018 Pos. 1000) <\/li><li>Gesetz vom 16. Juli 2004 \u00fcber das Telekommunikationsrecht (GBl. 2004 Nr. 171 Pos. 1800) <\/li><li>Gesetz vom 4. Februar 1994 \u00fcber das Urheberrecht und verwandte Schutzrechte (GBl. 1994 Nr. 24 Pos. 83) <\/li><\/ul><h2>Was ist das berechtigte Interesse, das vom Verantwortlichen verfolgt wird?<\/h2><ul><li>Zum Zwecke der m\u00f6glichen Geltendmachung, Aus\u00fcbung oder Verteidigung von Rechtsanspr\u00fcchen ist die Rechtsgrundlage der Verarbeitung unser berechtigtes Interesse (Art. 6 Abs. 1 lit. f) DSGVO), das im Schutz unserer Rechte besteht, einschlie\u00dflich, aber nicht beschr\u00e4nkt auf;<\/li><li>Zur Risikobewertung potenzieller Kunden<\/li><li>Zur Bewertung geplanter Marketingkampagnen<\/li><li>Zur Durchf\u00fchrung von Direktmarketing<\/li><\/ul><h2>F\u00fcr welchen Zeitraum verarbeiten wir personenbezogene Daten?<\/h2><p>Grunds\u00e4tzlich werden die genannten personenbezogenen Daten ausschlie\u00dflich f\u00fcr die Dauer der Leistungserbringung im Rahmen der vom Verantwortlichen betriebenen Website gespeichert. Sie werden innerhalb von <strong>30 Tagen nach Beendigung der Dienstleistung<\/strong> gel\u00f6scht oder anonymisiert (z.B. L\u00f6schung eines registrierten Benutzerkontos, Abmeldung vom Newsletter usw.). <\/p><p>In Ausnahmef\u00e4llen kann dieser Zeitraum zur Wahrung des berechtigten Interesses des Verantwortlichen verl\u00e4ngert werden. In einem solchen Fall speichert der Verantwortliche die genannten Daten ab dem Zeitpunkt der L\u00f6schungsanfrage durch den Nutzer f\u00fcr einen Zeitraum von maximal 3 Jahren, falls ein Versto\u00df oder der Verdacht eines Versto\u00dfes gegen die Bestimmungen der Website-Regularien durch die betroffene Person vorliegt. <\/p><h2>Wer ist der Empf\u00e4nger der Daten, einschlie\u00dflich personenbezogener Daten?<\/h2><p>Grunds\u00e4tzlich ist der Verantwortliche der einzige Empf\u00e4nger der Daten.<\/p><p>Die Datenverarbeitung kann jedoch an andere Unternehmen ausgelagert werden, die Dienstleistungen f\u00fcr den Verantwortlichen erbringen, um den Betrieb der Website aufrechtzuerhalten.<\/p>Zu diesen Unternehmen geh\u00f6ren unter anderem:<ul><li>Hosting-Unternehmen, die Hosting-Dienste oder \u00e4hnliche Dienste f\u00fcr den Verantwortlichen erbringen<\/li><li>Unternehmen, \u00fcber die der Newsletter-Dienst erbracht wird<\/li><\/ul><h2>Werden Ihre personenbezogenen Daten au\u00dferhalb der Europ\u00e4ischen Union \u00fcbermittelt?<\/h2><p>Personenbezogene Daten werden nicht au\u00dferhalb der Europ\u00e4ischen Union \u00fcbermittelt, es sei denn, sie wurden durch eine individuelle Handlung des Nutzers (z. B. das Hinzuf\u00fcgen eines Kommentars oder Beitrags) ver\u00f6ffentlicht, wodurch die Daten f\u00fcr jeden Besucher des Dienstes zug\u00e4nglich werden.<\/li><\/ul><h2>Werden personenbezogene Daten die Grundlage f\u00fcr automatisierte Entscheidungsfindung sein?<\/h2><p>Personenbezogene Daten werden nicht f\u00fcr automatisierte Entscheidungsfindungen (Profiling) verwendet.<\/p><h2>Welche Rechte haben Sie im Zusammenhang mit der Verarbeitung personenbezogener Daten?<\/h2><ul><li><p><strong>Recht auf Auskunft \u00fcber personenbezogene Daten<\/strong><br>Nutzer haben das Recht, auf Antrag beim Administrator Zugang zu ihren personenbezogenen Daten zu erhalten.<\/p><\/li><li><p><strong>Recht auf Berichtigung personenbezogener Daten<\/strong><br>Nutzer haben das Recht, vom Administrator die unverz\u00fcgliche Berichtigung unrichtiger und\/oder die Vervollst\u00e4ndigung unvollst\u00e4ndiger personenbezogener Daten zu verlangen, was auf Antrag beim Administrator erfolgt.<\/p><\/li><li><p><strong>Recht auf L\u00f6schung personenbezogener Daten<\/strong><br>Nutzer haben das Recht, vom Verantwortlichen die unverz\u00fcgliche L\u00f6schung personenbezogener Daten zu verlangen, was auf Antrag an den Verantwortlichen erfolgt. <br><br>Bei Benutzerkonten besteht die L\u00f6schung von Daten in der Anonymisierung der Daten, die eine Identifizierung des Nutzers erm\u00f6glichen.<br><br>Im Falle des Newsletter-Dienstes hat der Nutzer die M\u00f6glichkeit, seine personenbezogenen Daten selbstst\u00e4ndig zu l\u00f6schen, indem er den in jeder gesendeten E-Mail enthaltenen Link verwendet.<\/p><\/li><li><p><strong>Recht auf Einschr\u00e4nkung der Verarbeitung personenbezogener Daten<\/strong><br>Nutzer haben das Recht, die Verarbeitung personenbezogener Daten in den in Art. 18 DSGVO genannten F\u00e4llen einzuschr\u00e4nken, u.a. bei Anzweiflung der Richtigkeit der personenbezogenen Daten, was auf Antrag beim Administrator erfolgt.  <\/p><\/li><li><p><strong>Recht auf Daten\u00fcbertragbarkeit<\/strong><br>Nutzer haben das Recht, vom Administrator die sie betreffenden personenbezogenen Daten in einem strukturierten, g\u00e4ngigen und maschinenlesbaren Format zu erhalten, was auf Antrag beim Administrator erfolgt.<\/p><\/li><li><p><strong>Widerspruchsrecht gegen die Verarbeitung personenbezogener Daten<\/strong><br>Nutzer haben das Recht, der Verarbeitung ihrer personenbezogenen Daten in den in Art. 21 DSGVO genannten F\u00e4llen zu widersprechen, was auf Antrag beim Administrator erfolgt. <\/p><\/li><li><p><strong>Beschwerderecht<\/strong><br>Nutzer haben das Recht, eine Beschwerde bei der f\u00fcr den Datenschutz zust\u00e4ndigen Aufsichtsbeh\u00f6rde einzureichen.<\/p><\/li><\/ul><\/article>\t\t\t\t<\/div>\n\t\t\t\t\t<\/div>\n\t\t\t\t<\/div>\n\t\t\t\t<\/div>\n\t\t","protected":false},"excerpt":{"rendered":"<p>DSGVO-Informationspflicht Die folgende Information stellt eine pr\u00e4gnante, verst\u00e4ndliche und transparente Zusammenfassung der in der Datenschutzerkl\u00e4rung enthaltenen Informationen bez\u00fcglich des Datenverantwortlichen, des Zwecks und der Art der Verarbeitung personenbezogener Daten sowie Ihrer Rechte im Zusammenhang mit dieser Verarbeitung dar, in der Form, die zur Erf\u00fcllung der DSGVO-Informationspflicht erforderlich ist. Details zur Art der Verarbeitung und den [&hellip;]<\/p>\n","protected":false},"author":1,"featured_media":0,"parent":0,"menu_order":0,"comment_status":"closed","ping_status":"closed","template":"","meta":{"footnotes":""},"class_list":["post-3254","page","type-page","status-publish","hentry"],"yoast_head":"<!-- This site is optimized with the Yoast SEO plugin v26.9 - https:\/\/yoast.com\/product\/yoast-seo-wordpress\/ -->\n<title>DSGVO - KKS Group<\/title>\n<meta name=\"robots\" content=\"index, follow, max-snippet:-1, max-image-preview:large, max-video-preview:-1\" \/>\n<link rel=\"canonical\" href=\"https:\/\/kks-group.eu\/de\/dsgvo\/\" \/>\n<meta property=\"og:locale\" content=\"de_DE\" \/>\n<meta property=\"og:type\" content=\"article\" \/>\n<meta property=\"og:title\" content=\"DSGVO - KKS Group\" \/>\n<meta property=\"og:description\" content=\"DSGVO-Informationspflicht Die folgende Information stellt eine pr\u00e4gnante, verst\u00e4ndliche und transparente Zusammenfassung der in der Datenschutzerkl\u00e4rung enthaltenen Informationen bez\u00fcglich des Datenverantwortlichen, des Zwecks und der Art der Verarbeitung personenbezogener Daten sowie Ihrer Rechte im Zusammenhang mit dieser Verarbeitung dar, in der Form, die zur Erf\u00fcllung der DSGVO-Informationspflicht erforderlich ist. Details zur Art der Verarbeitung und den [&hellip;]\" \/>\n<meta property=\"og:url\" content=\"https:\/\/kks-group.eu\/de\/dsgvo\/\" \/>\n<meta property=\"og:site_name\" content=\"KKS Group\" \/>\n<meta property=\"article:modified_time\" content=\"2026-01-30T00:07:25+00:00\" \/>\n<meta name=\"twitter:card\" content=\"summary_large_image\" \/>\n<meta name=\"twitter:label1\" content=\"Gesch\u00e4tzte Lesezeit\" \/>\n\t<meta name=\"twitter:data1\" content=\"5\u00a0Minuten\" \/>\n<script type=\"application\/ld+json\" class=\"yoast-schema-graph\">{\"@context\":\"https:\/\/schema.org\",\"@graph\":[{\"@type\":\"WebPage\",\"@id\":\"https:\/\/kks-group.eu\/de\/dsgvo\/\",\"url\":\"https:\/\/kks-group.eu\/de\/dsgvo\/\",\"name\":\"DSGVO - KKS Group\",\"isPartOf\":{\"@id\":\"https:\/\/kks-group.eu\/de\/#website\"},\"datePublished\":\"2026-01-29T13:45:22+00:00\",\"dateModified\":\"2026-01-30T00:07:25+00:00\",\"breadcrumb\":{\"@id\":\"https:\/\/kks-group.eu\/de\/dsgvo\/#breadcrumb\"},\"inLanguage\":\"de\",\"potentialAction\":[{\"@type\":\"ReadAction\",\"target\":[\"https:\/\/kks-group.eu\/de\/dsgvo\/\"]}]},{\"@type\":\"BreadcrumbList\",\"@id\":\"https:\/\/kks-group.eu\/de\/dsgvo\/#breadcrumb\",\"itemListElement\":[{\"@type\":\"ListItem\",\"position\":1,\"name\":\"Strona g\u0142\u00f3wna\",\"item\":\"https:\/\/kks-group.eu\/de\/\"},{\"@type\":\"ListItem\",\"position\":2,\"name\":\"DSGVO\"}]},{\"@type\":\"WebSite\",\"@id\":\"https:\/\/kks-group.eu\/de\/#website\",\"url\":\"https:\/\/kks-group.eu\/de\/\",\"name\":\"KKS Group\",\"description\":\"KKS Group\",\"publisher\":{\"@id\":\"https:\/\/kks-group.eu\/de\/#organization\"},\"potentialAction\":[{\"@type\":\"SearchAction\",\"target\":{\"@type\":\"EntryPoint\",\"urlTemplate\":\"https:\/\/kks-group.eu\/de\/?s={search_term_string}\"},\"query-input\":{\"@type\":\"PropertyValueSpecification\",\"valueRequired\":true,\"valueName\":\"search_term_string\"}}],\"inLanguage\":\"de\"},{\"@type\":\"Organization\",\"@id\":\"https:\/\/kks-group.eu\/de\/#organization\",\"name\":\"KKS Group\",\"url\":\"https:\/\/kks-group.eu\/de\/\",\"logo\":{\"@type\":\"ImageObject\",\"inLanguage\":\"de\",\"@id\":\"https:\/\/kks-group.eu\/de\/#\/schema\/logo\/image\/\",\"url\":\"https:\/\/kks-group.eu\/wp-content\/uploads\/2025\/11\/KKS-LOGO-3-e1762518730679.png\",\"contentUrl\":\"https:\/\/kks-group.eu\/wp-content\/uploads\/2025\/11\/KKS-LOGO-3-e1762518730679.png\",\"width\":2282,\"height\":848,\"caption\":\"KKS Group\"},\"image\":{\"@id\":\"https:\/\/kks-group.eu\/de\/#\/schema\/logo\/image\/\"}}]}<\/script>\n<!-- \/ Yoast SEO plugin. -->","yoast_head_json":{"title":"DSGVO - KKS Group","robots":{"index":"index","follow":"follow","max-snippet":"max-snippet:-1","max-image-preview":"max-image-preview:large","max-video-preview":"max-video-preview:-1"},"canonical":"https:\/\/kks-group.eu\/de\/dsgvo\/","og_locale":"de_DE","og_type":"article","og_title":"DSGVO - KKS Group","og_description":"DSGVO-Informationspflicht Die folgende Information stellt eine pr\u00e4gnante, verst\u00e4ndliche und transparente Zusammenfassung der in der Datenschutzerkl\u00e4rung enthaltenen Informationen bez\u00fcglich des Datenverantwortlichen, des Zwecks und der Art der Verarbeitung personenbezogener Daten sowie Ihrer Rechte im Zusammenhang mit dieser Verarbeitung dar, in der Form, die zur Erf\u00fcllung der DSGVO-Informationspflicht erforderlich ist. Details zur Art der Verarbeitung und den [&hellip;]","og_url":"https:\/\/kks-group.eu\/de\/dsgvo\/","og_site_name":"KKS Group","article_modified_time":"2026-01-30T00:07:25+00:00","twitter_card":"summary_large_image","twitter_misc":{"Gesch\u00e4tzte Lesezeit":"5\u00a0Minuten"},"schema":{"@context":"https:\/\/schema.org","@graph":[{"@type":"WebPage","@id":"https:\/\/kks-group.eu\/de\/dsgvo\/","url":"https:\/\/kks-group.eu\/de\/dsgvo\/","name":"DSGVO - KKS Group","isPartOf":{"@id":"https:\/\/kks-group.eu\/de\/#website"},"datePublished":"2026-01-29T13:45:22+00:00","dateModified":"2026-01-30T00:07:25+00:00","breadcrumb":{"@id":"https:\/\/kks-group.eu\/de\/dsgvo\/#breadcrumb"},"inLanguage":"de","potentialAction":[{"@type":"ReadAction","target":["https:\/\/kks-group.eu\/de\/dsgvo\/"]}]},{"@type":"BreadcrumbList","@id":"https:\/\/kks-group.eu\/de\/dsgvo\/#breadcrumb","itemListElement":[{"@type":"ListItem","position":1,"name":"Strona g\u0142\u00f3wna","item":"https:\/\/kks-group.eu\/de\/"},{"@type":"ListItem","position":2,"name":"DSGVO"}]},{"@type":"WebSite","@id":"https:\/\/kks-group.eu\/de\/#website","url":"https:\/\/kks-group.eu\/de\/","name":"KKS Group","description":"KKS Group","publisher":{"@id":"https:\/\/kks-group.eu\/de\/#organization"},"potentialAction":[{"@type":"SearchAction","target":{"@type":"EntryPoint","urlTemplate":"https:\/\/kks-group.eu\/de\/?s={search_term_string}"},"query-input":{"@type":"PropertyValueSpecification","valueRequired":true,"valueName":"search_term_string"}}],"inLanguage":"de"},{"@type":"Organization","@id":"https:\/\/kks-group.eu\/de\/#organization","name":"KKS Group","url":"https:\/\/kks-group.eu\/de\/","logo":{"@type":"ImageObject","inLanguage":"de","@id":"https:\/\/kks-group.eu\/de\/#\/schema\/logo\/image\/","url":"https:\/\/kks-group.eu\/wp-content\/uploads\/2025\/11\/KKS-LOGO-3-e1762518730679.png","contentUrl":"https:\/\/kks-group.eu\/wp-content\/uploads\/2025\/11\/KKS-LOGO-3-e1762518730679.png","width":2282,"height":848,"caption":"KKS Group"},"image":{"@id":"https:\/\/kks-group.eu\/de\/#\/schema\/logo\/image\/"}}]}},"_links":{"self":[{"href":"https:\/\/kks-group.eu\/de\/wp-json\/wp\/v2\/pages\/3254","targetHints":{"allow":["GET"]}}],"collection":[{"href":"https:\/\/kks-group.eu\/de\/wp-json\/wp\/v2\/pages"}],"about":[{"href":"https:\/\/kks-group.eu\/de\/wp-json\/wp\/v2\/types\/page"}],"author":[{"embeddable":true,"href":"https:\/\/kks-group.eu\/de\/wp-json\/wp\/v2\/users\/1"}],"replies":[{"embeddable":true,"href":"https:\/\/kks-group.eu\/de\/wp-json\/wp\/v2\/comments?post=3254"}],"version-history":[{"count":0,"href":"https:\/\/kks-group.eu\/de\/wp-json\/wp\/v2\/pages\/3254\/revisions"}],"wp:attachment":[{"href":"https:\/\/kks-group.eu\/de\/wp-json\/wp\/v2\/media?parent=3254"}],"curies":[{"name":"wp","href":"https:\/\/api.w.org\/{rel}","templated":true}]}}