{"id":3248,"date":"2026-01-29T13:42:00","date_gmt":"2026-01-29T13:42:00","guid":{"rendered":"https:\/\/kks-group.eu\/allgemeine-geschaeftsbedingungen\/"},"modified":"2026-01-29T23:58:11","modified_gmt":"2026-01-29T23:58:11","slug":"allgemeine-geschaeftsbedingungen","status":"publish","type":"page","link":"https:\/\/kks-group.eu\/de\/allgemeine-geschaeftsbedingungen\/","title":{"rendered":"Allgemeine Gesch\u00e4ftsbedingungen"},"content":{"rendered":"\t\t<div data-elementor-type=\"wp-page\" data-elementor-id=\"3248\" class=\"elementor elementor-3248 elementor-2944\" data-elementor-settings=\"{&quot;ha_cmc_init_switcher&quot;:&quot;no&quot;}\" data-elementor-post-type=\"page\">\n\t\t\t\t<div class=\"elementor-element elementor-element-7ab8b7b e-flex e-con-boxed e-con e-parent\" data-id=\"7ab8b7b\" data-element_type=\"container\" data-e-type=\"container\" data-settings=\"{&quot;_ha_eqh_enable&quot;:false}\">\n\t\t\t\t\t<div class=\"e-con-inner\">\n\t\t\t\t<div class=\"elementor-element elementor-element-6121af0 elementor-widget elementor-widget-html\" data-id=\"6121af0\" data-element_type=\"widget\" data-e-type=\"widget\" data-widget_type=\"html.default\">\n\t\t\t\t\t<article><h1 class=\"page-title text-center\">Nutzungsbedingungen der Website<\/h1><h2>I. Allgemeine Bestimmungen<\/h2><ul><li><strong>Allgemeine Gesch\u00e4ftsbedingungen<\/strong> \u2013 diese Allgemeinen Gesch\u00e4ftsbedingungen<\/li><li><strong>Dienst<\/strong> \u2013 die Website \u201ekks-group.eu\u201c, betrieben unter der Adresse https:\/\/kks-group.eu<\/li><li><strong>Dienstanbieter<\/strong> \u2013 die Firma \u201eKKS Polska sp.z o.o\u201c mit Sitz in: ul. Parkowa 4B, 44-362 Rog\u00f3w, NIP: 6472601804,  <\/li><li><strong>Nutzer<\/strong> \u2013 jede nat\u00fcrliche Person, die auf den Dienst zugreift und die vom Dienstanbieter \u00fcber den Dienst bereitgestellten Dienste nutzt.<\/li><li><strong>Elektronische Kommunikation<\/strong> \u2013 Kommunikation zwischen den Parteien per E-Mail und \u00fcber die auf der Website verf\u00fcgbaren Kontaktformulare.<\/li><\/ul><h2>II. Allgemeine Bestimmungen <\/h2><ul><li>Die Allgemeinen Gesch\u00e4ftsbedingungen legen die Funktionsweise und Nutzung des Dienstes fest und definieren den Umfang der Rechte und Pflichten der Nutzer und des Dienstanbieters im Zusammenhang mit der Nutzung des Dienstes.<\/li><li>Gegenstand der Dienste des Dienstanbieters ist die Bereitstellung kostenloser Tools in Form des Dienstes, die den Nutzern den Zugriff auf Inhalte wie Beitr\u00e4ge, Artikel und audiovisuelle Materialien oder Webanwendungen und elektronische Formulare erm\u00f6glichen.<\/li><li>Alle Inhalte, Artikel und Informationen, die Hinweise oder Ratschl\u00e4ge enthalten und auf der Website ver\u00f6ffentlicht werden, stellen lediglich eine allgemeine Sammlung von Informationen dar und sind nicht an einzelne Nutzer gerichtet. Der Dienstanbieter \u00fcbernimmt keine Verantwortung f\u00fcr deren Nutzung durch die Nutzer. <\/li><li>Der Nutzer \u00fcbernimmt die volle Verantwortung f\u00fcr die Art und Weise der Nutzung der im Rahmen des Dienstes bereitgestellten Materialien, einschlie\u00dflich deren Nutzung gem\u00e4\u00df den geltenden gesetzlichen Bestimmungen.<\/li><li>Der Dienstanbieter \u00fcbernimmt keine Garantie f\u00fcr die Eignung der im Dienst ver\u00f6ffentlichten Materialien.<\/li><li>Der Dienstanbieter \u00fcbernimmt keine Haftung f\u00fcr eventuelle Sch\u00e4den, die Nutzern des Dienstes oder Dritten im Zusammenhang mit der Nutzung des Dienstes entstehen. Jegliches Risiko im Zusammenhang mit der Nutzung des Dienstes, insbesondere der Verwendung und Verwertung der im Dienst ver\u00f6ffentlichten Informationen, tr\u00e4gt der Nutzer, der die Dienste des Dienstes in Anspruch nimmt. <\/li><\/ul><h2>III. Nutzungsbedingungen des Dienstes <\/h2><ul><li>Die Nutzung des Dienstes durch jeden Nutzer ist kostenlos und freiwillig.<\/li><li>Die Nutzer sind verpflichtet, die Allgemeinen Gesch\u00e4ftsbedingungen und die anderen Dokumente, die einen integralen Bestandteil davon bilden, zu lesen und deren Bestimmungen vollst\u00e4ndig zu akzeptieren, um den Dienst weiterhin nutzen zu k\u00f6nnen.<\/li><li>Nutzer d\u00fcrfen keine im Dienst erhaltenen personenbezogenen Daten f\u00fcr Marketingzwecke verwenden.<\/li> <li>Technische Anforderungen f\u00fcr die Nutzung des Dienstes:<ul><li>Ger\u00e4t mit Display zur Anzeige von Webseiten,<\/li><li>Internetverbindung,<\/li><li>jeder Webbrowser, der Webseiten gem\u00e4\u00df den Standards und Bestimmungen des W3C-Konsortiums anzeigt und in HTML5 bereitgestellte Webseiten unterst\u00fctzt,<\/li><li>aktivierte JavaScript-Unterst\u00fctzung,<\/li><li>aktivierte Cookie-Unterst\u00fctzung<\/li><\/ul><\/li><li>Um die Sicherheit des Dienstanbieters, der Nutzer und anderer Nutzer des Dienstes zu gew\u00e4hrleisten, sollten alle Nutzer des Dienstes die allgemein anerkannten <a href=\"https:\/\/nety.pl\/cyberbezpieczenstwo\/zasady-ogolne-korzystania-z-sieci-internet\/\">Sicherheitsregeln im Internet<\/a> befolgen,<\/li> <li>Es ist verboten, Handlungen pers\u00f6nlich durch Nutzer oder mittels Software durchzuf\u00fchren:<ul><li>ohne schriftliche Zustimmung, Dekompilierung und Analyse des Quellcodes,<\/li><li>ohne schriftliche Zustimmung, die zu einer \u00fcberm\u00e4\u00dfigen Belastung des Servers des Dienstes f\u00fchren,<\/li><li>ohne schriftliche Zustimmung, Versuche, Sicherheitsl\u00fccken im Dienst und in der Serverkonfiguration zu entdecken,<\/li><li>Versuche, Code, Skripte und Software auf den Server und in die Datenbank hochzuladen oder einzuschleusen, die der Software des Dienstes, anderen Nutzern oder dem Dienstanbieter Schaden zuf\u00fcgen k\u00f6nnten,<\/li><li>Versuche, Code, Skripte und Software auf den Server und in die Datenbank hochzuladen oder einzuschleusen, die Daten von Nutzern oder dem Dienstanbieter verfolgen oder stehlen k\u00f6nnten,<\/li><li>jegliche Handlungen vorzunehmen, die darauf abzielen, den Dienst zu besch\u00e4digen, seinen Betrieb zu blockieren oder die Erf\u00fcllung des Zwecks, f\u00fcr den der Dienst betrieben wird, zu verhindern.<\/li><\/ul><\/li><li>Im Falle der Entdeckung eines Cyber-Sicherheitsvorfalls oder einer DSGVO-Verletzung oder der potenziellen M\u00f6glichkeit eines solchen Vorfalls sollten die Nutzer dies zuerst dem Dienstanbieter melden, um das Problem \/ die Bedrohung schnell zu beheben und die Interessen aller Nutzer des Dienstes zu sch\u00fctzen.<\/li><\/ul><h2>IV. Bedingungen f\u00fcr Kommunikation und die Bereitstellung weiterer Dienste im Dienst <\/h2><ul><li>Der Dienst bietet Dienste und Tools, die den Nutzern die Interaktion mit dem Dienst in Form von:<ul><li>Kontaktformular<\/li><\/ul><\/li><li>Der Dienst stellt Kontaktdaten in Form von:<ul><li>E-Mail-Adresse<\/li><li>Telefonnummer<\/li><\/ul><\/li><li>Im Falle des Kontakts des Nutzers mit dem Dienstanbieter werden die personenbezogenen Daten der Nutzer gem\u00e4\u00df der \u201e<a href=\"https:\/\/kks-group.eu\/de\/datenschutzerklaerung\/\">Datenschutzerkl\u00e4rung<\/a>\u201c verarbeitet, die einen integralen Bestandteil der Allgemeinen Gesch\u00e4ftsbedingungen bildet.<\/li><\/ul><h2>V. Erhebung von Nutzerdaten<\/h2><p>Um die ordnungsgem\u00e4\u00dfe Erbringung der Dienste durch den Dienst, die Sicherung der rechtlichen Interessen des Dienstanbieters und die Gew\u00e4hrleistung der Konformit\u00e4t des Dienstes mit dem geltenden Recht zu gew\u00e4hrleisten, erhebt und verarbeitet der Dienstanbieter \u00fcber den Dienst bestimmte Nutzerdaten.<\/p><p>Zur ordnungsgem\u00e4\u00dfen Erbringung der Dienste verwendet und speichert der Dienst einige anonyme Informationen \u00fcber den Nutzer in Cookies.<\/p><p>Umfang, Zwecke, Art und Grunds\u00e4tze der Datenverarbeitung sind in den Anh\u00e4ngen zu den Allgemeinen Gesch\u00e4ftsbedingungen verf\u00fcgbar: \u201e<a href=\"https:\/\/kks-group.eu\/rodo\/\">DSGVO-Informationspflicht<\/a>\u201c und in der \u201e<a href=\"https:\/\/kks-group.eu\/de\/datenschutzerklaerung\/\">Datenschutzerkl\u00e4rung<\/a>\u201c, die einen integralen Bestandteil der Allgemeinen Gesch\u00e4ftsbedingungen bilden.<\/p><ul><li><em>Automatisch erhobene Daten:<\/em><br>F\u00fcr den reibungslosen Betrieb des Dienstes und f\u00fcr Statistiken erheben wir automatisch bestimmte Nutzerdaten. Zu diesen Daten geh\u00f6ren: <ul><li>IP-Adresse<\/li><li>Browsertyp<\/li><li>Bildschirmaufl\u00f6sung<\/li><li>Ungef\u00e4hrer Standort<\/li><li>Besuchte Unterseiten des Dienstes<\/li><li>Verweildauer auf der jeweiligen Unterseite des Dienstes<\/li><li>Art des Betriebssystems<\/li><li>Adresse der vorherigen Unterseite<\/li><li>Referrer-Adresse<\/li><li>Browsersprache<\/li><li>Internetverbindungsgeschwindigkeit<\/li><li>Internetdienstanbieter<\/li><li>Anonyme demografische Daten basierend auf Google Analytics-Daten: <ul><li>Geschlecht<\/li><li>Alter<\/li><li>Interessen<\/li><\/ul><\/li><\/ul><p>Die oben genannten Daten werden \u00fcber das Google Analytics-Skript erhoben und sind anonym.<\/p><\/li><\/ul><h2>VI. Urheberrechte <\/h2><ul><li>Der Dienstanbieter ist Eigent\u00fcmer des Dienstes und der Urheberrechte am Dienst.<\/li><li>Ein Teil der im Dienst ver\u00f6ffentlichten Daten ist urheberrechtlich gesch\u00fctzt und geh\u00f6rt Unternehmen, Institutionen und Dritten, die in keiner Weise mit dem Dienstanbieter verbunden sind, und wird auf der Grundlage erworbener Lizenzen oder einer kostenlosen Lizenz verwendet.<\/li><li>Gem\u00e4\u00df dem Gesetz vom 4. Februar 1994 \u00fcber das Urheberrecht ist es verboten, Artikel, Beschreibungen, Fotos und alle anderen Inhalte, grafischen, Video- oder Audiomaterialien, die sich im Dienst befinden, ohne schriftliche Zustimmung oder Zustimmung, die mittels elektronischer Kommunikation ihres rechtm\u00e4\u00dfigen Eigent\u00fcmers \u00fcbermittelt wurde, in irgendeiner Form zu verwenden, zu kopieren, zu reproduzieren oder in Suchsystemen zu speichern, mit Ausnahme der Suchmaschinen Google, Bing, Yahoo, NetSprint, DuckDuckGo, Facebook und LinkedIn.<\/li><li>Gem\u00e4\u00df dem Gesetz vom 4. Februar 1994 \u00fcber das Urheberrecht unterliegen einfache Presseinformationen, verstanden als reine Informationen ohne Kommentar und Bewertung ihres Autors, keinem Schutz. Der Autor versteht dies als die M\u00f6glichkeit, Informationen aus den im Dienst ver\u00f6ffentlichten Texten zu verwenden, jedoch nicht das Kopieren ganzer oder teilweiser Artikel, es sei denn, dies ist in dem jeweiligen im Dienst bereitgestellten Material gekennzeichnet. <\/li><\/ul><h2>VII. \u00c4nderungen der Allgemeinen Gesch\u00e4ftsbedingungen <\/h2><ul><li>Alle Bestimmungen der Allgemeinen Gesch\u00e4ftsbedingungen k\u00f6nnen vom Dienstanbieter jederzeit einseitig und ohne Angabe von Gr\u00fcnden ge\u00e4ndert werden.<\/li><li>\u00c4nderungen der Allgemeinen Gesch\u00e4ftsbedingungen treten sofort nach ihrer Ver\u00f6ffentlichung in Kraft.<\/li><li>Es wird davon ausgegangen, dass jeder Nutzer, der den Dienst nach einer \u00c4nderung der Allgemeinen Gesch\u00e4ftsbedingungen weiterhin nutzt, diese vollst\u00e4ndig akzeptiert.<\/li><\/ul><h2>VIII. Schlussbestimmungen <\/h2><ul><li>Der Dienstanbieter wird alle Anstrengungen unternehmen, um die Dienste des Dienstes kontinuierlich anzubieten. Er \u00fcbernimmt jedoch keine Verantwortung f\u00fcr St\u00f6rungen, die durch h\u00f6here Gewalt oder unzul\u00e4ssige Eingriffe von Nutzern, Dritten oder die Aktivit\u00e4ten externer automatischer Programme verursacht werden. <\/li><li>Der Dienstanbieter beh\u00e4lt sich das Recht vor, alle im Dienst ver\u00f6ffentlichten Informationen zu einem vom Dienstanbieter gew\u00e4hlten Zeitpunkt zu \u00e4ndern, ohne die Nutzer des Dienstes vorher benachrichtigen zu m\u00fcssen.<\/li><li>Der Dienstanbieter beh\u00e4lt sich das Recht vor, den Dienst vor\u00fcbergehend, vollst\u00e4ndig oder teilweise zur Verbesserung, Hinzuf\u00fcgung von Diensten oder zur Durchf\u00fchrung von Wartungsarbeiten abzuschalten, ohne die Nutzer vorher dar\u00fcber zu informieren.<\/li><li>Der Dienstanbieter beh\u00e4lt sich das Recht vor, den Dienst dauerhaft abzuschalten, ohne die Nutzer vorher dar\u00fcber zu informieren.<\/li><li>Der Dienstanbieter beh\u00e4lt sich das Recht vor, alle seine Rechte und Pflichten im Zusammenhang mit dem Dienst ganz oder teilweise abzutreten, ohne die Zustimmung der Nutzer und ohne die M\u00f6glichkeit, Einw\u00e4nde zu erheben.<\/li><li>Die aktuellen und fr\u00fcheren Allgemeinen Gesch\u00e4ftsbedingungen des Dienstes befinden sich auf dieser Unterseite unter den aktuellen Allgemeinen Gesch\u00e4ftsbedingungen.<\/li><li>In allen Angelegenheiten, die den Betrieb des Dienstes betreffen, wenden Sie sich bitte an den Dienstanbieter \u00fcber eine der folgenden Kontaktm\u00f6glichkeiten:<ul><li>\u00dcber das im Dienst verf\u00fcgbare Kontaktformular<\/li><li>Durch Senden einer Nachricht an die E-Mail-Adresse: job@kks-group.eu<\/li><li>Per Telefonanruf unter der Nummer: +48 784 120 654<\/li><\/ul>Kontakt \u00fcber die angegebenen Kommunikationsmittel ausschlie\u00dflich in Angelegenheiten, die den betriebenen Dienst betreffen.<\/li><\/ul><\/article>\t\t\t\t<\/div>\n\t\t\t\t\t<\/div>\n\t\t\t\t<\/div>\n\t\t\t\t<\/div>\n\t\t","protected":false},"excerpt":{"rendered":"<p>Nutzungsbedingungen der Website I. Allgemeine Bestimmungen Allgemeine Gesch\u00e4ftsbedingungen \u2013 diese Allgemeinen Gesch\u00e4ftsbedingungen Dienst \u2013 die Website \u201ekks-group.eu\u201c, betrieben unter der Adresse https:\/\/kks-group.eu Dienstanbieter \u2013 die Firma \u201eKKS Polska sp.z o.o\u201c mit Sitz in: ul. Parkowa 4B, 44-362 Rog\u00f3w, NIP: 6472601804, Nutzer \u2013 jede nat\u00fcrliche Person, die auf den Dienst zugreift und die vom Dienstanbieter \u00fcber [&hellip;]<\/p>\n","protected":false},"author":1,"featured_media":0,"parent":0,"menu_order":0,"comment_status":"closed","ping_status":"closed","template":"","meta":{"footnotes":""},"class_list":["post-3248","page","type-page","status-publish","hentry"],"yoast_head":"<!-- This site is optimized with the Yoast SEO plugin v26.9 - https:\/\/yoast.com\/product\/yoast-seo-wordpress\/ -->\n<title>Allgemeine Gesch\u00e4ftsbedingungen - KKS Group<\/title>\n<meta name=\"robots\" content=\"index, follow, max-snippet:-1, max-image-preview:large, max-video-preview:-1\" \/>\n<link rel=\"canonical\" href=\"https:\/\/kks-group.eu\/de\/allgemeine-geschaeftsbedingungen\/\" \/>\n<meta property=\"og:locale\" content=\"de_DE\" \/>\n<meta property=\"og:type\" content=\"article\" \/>\n<meta property=\"og:title\" content=\"Allgemeine Gesch\u00e4ftsbedingungen - KKS Group\" \/>\n<meta property=\"og:description\" content=\"Nutzungsbedingungen der Website I. Allgemeine Bestimmungen Allgemeine Gesch\u00e4ftsbedingungen \u2013 diese Allgemeinen Gesch\u00e4ftsbedingungen Dienst \u2013 die Website \u201ekks-group.eu\u201c, betrieben unter der Adresse https:\/\/kks-group.eu Dienstanbieter \u2013 die Firma \u201eKKS Polska sp.z o.o\u201c mit Sitz in: ul. Parkowa 4B, 44-362 Rog\u00f3w, NIP: 6472601804, Nutzer \u2013 jede nat\u00fcrliche Person, die auf den Dienst zugreift und die vom Dienstanbieter \u00fcber [&hellip;]\" \/>\n<meta property=\"og:url\" content=\"https:\/\/kks-group.eu\/de\/allgemeine-geschaeftsbedingungen\/\" \/>\n<meta property=\"og:site_name\" content=\"KKS Group\" \/>\n<meta property=\"article:modified_time\" content=\"2026-01-29T23:58:11+00:00\" \/>\n<meta name=\"twitter:card\" content=\"summary_large_image\" \/>\n<meta name=\"twitter:label1\" content=\"Gesch\u00e4tzte Lesezeit\" \/>\n\t<meta name=\"twitter:data1\" content=\"7\u00a0Minuten\" \/>\n<script type=\"application\/ld+json\" class=\"yoast-schema-graph\">{\"@context\":\"https:\/\/schema.org\",\"@graph\":[{\"@type\":\"WebPage\",\"@id\":\"https:\/\/kks-group.eu\/de\/allgemeine-geschaeftsbedingungen\/\",\"url\":\"https:\/\/kks-group.eu\/de\/allgemeine-geschaeftsbedingungen\/\",\"name\":\"Allgemeine Gesch\u00e4ftsbedingungen - KKS Group\",\"isPartOf\":{\"@id\":\"https:\/\/kks-group.eu\/de\/#website\"},\"datePublished\":\"2026-01-29T13:42:00+00:00\",\"dateModified\":\"2026-01-29T23:58:11+00:00\",\"breadcrumb\":{\"@id\":\"https:\/\/kks-group.eu\/de\/allgemeine-geschaeftsbedingungen\/#breadcrumb\"},\"inLanguage\":\"de\",\"potentialAction\":[{\"@type\":\"ReadAction\",\"target\":[\"https:\/\/kks-group.eu\/de\/allgemeine-geschaeftsbedingungen\/\"]}]},{\"@type\":\"BreadcrumbList\",\"@id\":\"https:\/\/kks-group.eu\/de\/allgemeine-geschaeftsbedingungen\/#breadcrumb\",\"itemListElement\":[{\"@type\":\"ListItem\",\"position\":1,\"name\":\"Strona g\u0142\u00f3wna\",\"item\":\"https:\/\/kks-group.eu\/de\/\"},{\"@type\":\"ListItem\",\"position\":2,\"name\":\"Allgemeine Gesch\u00e4ftsbedingungen\"}]},{\"@type\":\"WebSite\",\"@id\":\"https:\/\/kks-group.eu\/de\/#website\",\"url\":\"https:\/\/kks-group.eu\/de\/\",\"name\":\"KKS Group\",\"description\":\"KKS Group\",\"publisher\":{\"@id\":\"https:\/\/kks-group.eu\/de\/#organization\"},\"potentialAction\":[{\"@type\":\"SearchAction\",\"target\":{\"@type\":\"EntryPoint\",\"urlTemplate\":\"https:\/\/kks-group.eu\/de\/?s={search_term_string}\"},\"query-input\":{\"@type\":\"PropertyValueSpecification\",\"valueRequired\":true,\"valueName\":\"search_term_string\"}}],\"inLanguage\":\"de\"},{\"@type\":\"Organization\",\"@id\":\"https:\/\/kks-group.eu\/de\/#organization\",\"name\":\"KKS Group\",\"url\":\"https:\/\/kks-group.eu\/de\/\",\"logo\":{\"@type\":\"ImageObject\",\"inLanguage\":\"de\",\"@id\":\"https:\/\/kks-group.eu\/de\/#\/schema\/logo\/image\/\",\"url\":\"https:\/\/kks-group.eu\/wp-content\/uploads\/2025\/11\/KKS-LOGO-3-e1762518730679.png\",\"contentUrl\":\"https:\/\/kks-group.eu\/wp-content\/uploads\/2025\/11\/KKS-LOGO-3-e1762518730679.png\",\"width\":2282,\"height\":848,\"caption\":\"KKS Group\"},\"image\":{\"@id\":\"https:\/\/kks-group.eu\/de\/#\/schema\/logo\/image\/\"}}]}<\/script>\n<!-- \/ Yoast SEO plugin. -->","yoast_head_json":{"title":"Allgemeine Gesch\u00e4ftsbedingungen - KKS Group","robots":{"index":"index","follow":"follow","max-snippet":"max-snippet:-1","max-image-preview":"max-image-preview:large","max-video-preview":"max-video-preview:-1"},"canonical":"https:\/\/kks-group.eu\/de\/allgemeine-geschaeftsbedingungen\/","og_locale":"de_DE","og_type":"article","og_title":"Allgemeine Gesch\u00e4ftsbedingungen - KKS Group","og_description":"Nutzungsbedingungen der Website I. Allgemeine Bestimmungen Allgemeine Gesch\u00e4ftsbedingungen \u2013 diese Allgemeinen Gesch\u00e4ftsbedingungen Dienst \u2013 die Website \u201ekks-group.eu\u201c, betrieben unter der Adresse https:\/\/kks-group.eu Dienstanbieter \u2013 die Firma \u201eKKS Polska sp.z o.o\u201c mit Sitz in: ul. Parkowa 4B, 44-362 Rog\u00f3w, NIP: 6472601804, Nutzer \u2013 jede nat\u00fcrliche Person, die auf den Dienst zugreift und die vom Dienstanbieter \u00fcber [&hellip;]","og_url":"https:\/\/kks-group.eu\/de\/allgemeine-geschaeftsbedingungen\/","og_site_name":"KKS Group","article_modified_time":"2026-01-29T23:58:11+00:00","twitter_card":"summary_large_image","twitter_misc":{"Gesch\u00e4tzte Lesezeit":"7\u00a0Minuten"},"schema":{"@context":"https:\/\/schema.org","@graph":[{"@type":"WebPage","@id":"https:\/\/kks-group.eu\/de\/allgemeine-geschaeftsbedingungen\/","url":"https:\/\/kks-group.eu\/de\/allgemeine-geschaeftsbedingungen\/","name":"Allgemeine Gesch\u00e4ftsbedingungen - KKS Group","isPartOf":{"@id":"https:\/\/kks-group.eu\/de\/#website"},"datePublished":"2026-01-29T13:42:00+00:00","dateModified":"2026-01-29T23:58:11+00:00","breadcrumb":{"@id":"https:\/\/kks-group.eu\/de\/allgemeine-geschaeftsbedingungen\/#breadcrumb"},"inLanguage":"de","potentialAction":[{"@type":"ReadAction","target":["https:\/\/kks-group.eu\/de\/allgemeine-geschaeftsbedingungen\/"]}]},{"@type":"BreadcrumbList","@id":"https:\/\/kks-group.eu\/de\/allgemeine-geschaeftsbedingungen\/#breadcrumb","itemListElement":[{"@type":"ListItem","position":1,"name":"Strona g\u0142\u00f3wna","item":"https:\/\/kks-group.eu\/de\/"},{"@type":"ListItem","position":2,"name":"Allgemeine Gesch\u00e4ftsbedingungen"}]},{"@type":"WebSite","@id":"https:\/\/kks-group.eu\/de\/#website","url":"https:\/\/kks-group.eu\/de\/","name":"KKS Group","description":"KKS Group","publisher":{"@id":"https:\/\/kks-group.eu\/de\/#organization"},"potentialAction":[{"@type":"SearchAction","target":{"@type":"EntryPoint","urlTemplate":"https:\/\/kks-group.eu\/de\/?s={search_term_string}"},"query-input":{"@type":"PropertyValueSpecification","valueRequired":true,"valueName":"search_term_string"}}],"inLanguage":"de"},{"@type":"Organization","@id":"https:\/\/kks-group.eu\/de\/#organization","name":"KKS Group","url":"https:\/\/kks-group.eu\/de\/","logo":{"@type":"ImageObject","inLanguage":"de","@id":"https:\/\/kks-group.eu\/de\/#\/schema\/logo\/image\/","url":"https:\/\/kks-group.eu\/wp-content\/uploads\/2025\/11\/KKS-LOGO-3-e1762518730679.png","contentUrl":"https:\/\/kks-group.eu\/wp-content\/uploads\/2025\/11\/KKS-LOGO-3-e1762518730679.png","width":2282,"height":848,"caption":"KKS Group"},"image":{"@id":"https:\/\/kks-group.eu\/de\/#\/schema\/logo\/image\/"}}]}},"_links":{"self":[{"href":"https:\/\/kks-group.eu\/de\/wp-json\/wp\/v2\/pages\/3248","targetHints":{"allow":["GET"]}}],"collection":[{"href":"https:\/\/kks-group.eu\/de\/wp-json\/wp\/v2\/pages"}],"about":[{"href":"https:\/\/kks-group.eu\/de\/wp-json\/wp\/v2\/types\/page"}],"author":[{"embeddable":true,"href":"https:\/\/kks-group.eu\/de\/wp-json\/wp\/v2\/users\/1"}],"replies":[{"embeddable":true,"href":"https:\/\/kks-group.eu\/de\/wp-json\/wp\/v2\/comments?post=3248"}],"version-history":[{"count":0,"href":"https:\/\/kks-group.eu\/de\/wp-json\/wp\/v2\/pages\/3248\/revisions"}],"wp:attachment":[{"href":"https:\/\/kks-group.eu\/de\/wp-json\/wp\/v2\/media?parent=3248"}],"curies":[{"name":"wp","href":"https:\/\/api.w.org\/{rel}","templated":true}]}}