{"id":3152,"date":"2026-01-29T14:13:12","date_gmt":"2026-01-29T14:13:12","guid":{"rendered":"https:\/\/kks-group.eu\/impressum\/"},"modified":"2026-01-29T23:25:12","modified_gmt":"2026-01-29T23:25:12","slug":"impressum","status":"publish","type":"page","link":"https:\/\/kks-group.eu\/de\/impressum\/","title":{"rendered":"Impressum"},"content":{"rendered":"\t\t<div data-elementor-type=\"wp-page\" data-elementor-id=\"3152\" class=\"elementor elementor-3152 elementor-2967\" data-elementor-settings=\"{&quot;ha_cmc_init_switcher&quot;:&quot;no&quot;}\" data-elementor-post-type=\"page\">\n\t\t\t\t<div class=\"elementor-element elementor-element-b2363eb e-flex e-con-boxed e-con e-parent\" data-id=\"b2363eb\" data-element_type=\"container\" data-e-type=\"container\" data-settings=\"{&quot;_ha_eqh_enable&quot;:false}\">\n\t\t\t\t\t<div class=\"e-con-inner\">\n\t\t\t\t<div class=\"elementor-element elementor-element-cf675cc elementor-widget elementor-widget-heading\" data-id=\"cf675cc\" data-element_type=\"widget\" data-e-type=\"widget\" data-widget_type=\"heading.default\">\n\t\t\t\t\t<h2 class=\"elementor-heading-title elementor-size-default\">Impressum<\/h2>\t\t\t\t<\/div>\n\t\t\t\t<div class=\"elementor-element elementor-element-c9f7366 elementor-widget__width-initial elementor-widget elementor-widget-text-editor\" data-id=\"c9f7366\" data-element_type=\"widget\" data-e-type=\"widget\" data-widget_type=\"text-editor.default\">\n\t\t\t\t\t\t\t\t\t<p data-start=\"322\" data-end=\"353\"><strong data-start=\"322\" data-end=\"353\">Informationen gem\u00e4\u00df \u00a7 5 TMG<\/strong><\/p><p data-start=\"355\" data-end=\"422\"><strong data-start=\"355\" data-end=\"380\">KKS Polska sp. z o.o.<\/strong><br data-start=\"380\" data-end=\"383\">ul. Parkowa 4B<br data-start=\"397\" data-end=\"400\">44-362 Rog\u00f3w<br data-start=\"412\" data-end=\"415\">Polen <\/p><p data-start=\"424\" data-end=\"544\"><strong data-start=\"424\" data-end=\"444\">Registereintrag:<\/strong><br data-start=\"444\" data-end=\"447\">Eingetragen im Handelsregister<br data-start=\"477\" data-end=\"480\">Registergericht: S\u0105d Rejonowy<br data-start=\"509\" data-end=\"512\">Registernummer: KRS 0001021675<\/p><p data-start=\"546\" data-end=\"607\"><strong data-start=\"546\" data-end=\"566\">Vertreten durch:<\/strong><br data-start=\"566\" data-end=\"569\">Adam Eugen Stritzek \u2013 Gesch\u00e4ftsf\u00fchrer<\/p><p data-start=\"609\" data-end=\"677\"><strong data-start=\"609\" data-end=\"621\">Kontakt:<\/strong><br data-start=\"621\" data-end=\"624\">Telefon: +48 784 120 654<br data-start=\"648\" data-end=\"651\">E-Mail: <a class=\"decorated-link cursor-pointer\" rel=\"noopener\" data-start=\"659\" data-end=\"675\">job@kks-group.eu<\/a><\/p><p data-start=\"679\" data-end=\"751\"><strong data-start=\"679\" data-end=\"734\">Umsatzsteuer-Identifikationsnummer gem\u00e4\u00df \u00a727a UStG:<\/strong><br data-start=\"734\" data-end=\"737\">PL6472601804<\/p><hr data-start=\"753\" data-end=\"756\"><h2 data-start=\"758\" data-end=\"780\"><strong data-start=\"761\" data-end=\"780\">Streitbeilegung<\/strong><\/h2><p data-start=\"782\" data-end=\"909\">Die Europ\u00e4ische Kommission stellt eine Plattform zur Online-Streitbeilegung (OS) bereit:<br data-start=\"870\" data-end=\"873\"><a class=\"decorated-link\" href=\"https:\/\/ec.europa.eu\/consumers\/odr\" target=\"_new\" rel=\"noopener\" data-start=\"873\" data-end=\"907\">https:\/\/ec.europa.eu\/consumers\/odr<\/a><\/p><p data-start=\"911\" data-end=\"1088\">Unsere E-Mail-Adresse finden Sie oben im Impressum.<br data-start=\"962\" data-end=\"965\">Wir sind nicht bereit oder verpflichtet, an Streitbeilegungsverfahren vor einer Verbraucherschlichtungsstelle teilzunehmen.<\/p><hr data-start=\"1090\" data-end=\"1093\"><h2 data-start=\"1095\" data-end=\"1121\"><strong data-start=\"1098\" data-end=\"1121\">Haftung f\u00fcr Inhalte<\/strong><\/h2><p data-start=\"1123\" data-end=\"1481\">Als Diensteanbieter sind wir gem\u00e4\u00df \u00a7 7 Abs. 1 TMG f\u00fcr eigene Inhalte auf diesen Seiten nach den allgemeinen Gesetzen verantwortlich.<br data-start=\"1255\" data-end=\"1258\">Nach \u00a7\u00a7 8 bis 10 TMG sind wir als Diensteanbieter jedoch nicht verpflichtet, \u00fcbermittelte oder gespeicherte fremde Informationen zu \u00fcberwachen oder nach Umst\u00e4nden zu forschen, die auf eine rechtswidrige T\u00e4tigkeit hinweisen. <\/p><p data-start=\"1483\" data-end=\"1835\">Verpflichtungen zur Entfernung oder Sperrung der Nutzung von Informationen nach den allgemeinen Gesetzen bleiben hiervon unber\u00fchrt.<br data-start=\"1614\" data-end=\"1617\">Eine diesbez\u00fcgliche Haftung ist jedoch erst ab dem Zeitpunkt der Kenntnis einer konkreten Rechtsverletzung m\u00f6glich.<br data-start=\"1732\" data-end=\"1735\">Bei Bekanntwerden von entsprechenden Rechtsverletzungen werden wir diese Inhalte umgehend entfernen.<\/p><hr data-start=\"1837\" data-end=\"1840\"><h2 data-start=\"1842\" data-end=\"1866\"><strong data-start=\"1845\" data-end=\"1866\">Haftung f\u00fcr Links<\/strong><\/h2><p data-start=\"1868\" data-end=\"2162\">Unser Angebot enth\u00e4lt Links zu externen Websites Dritter, auf deren Inhalte wir keinen Einfluss haben.<br data-start=\"1970\" data-end=\"1973\">Deshalb k\u00f6nnen wir f\u00fcr diese fremden Inhalte auch keine Gew\u00e4hr \u00fcbernehmen.<br data-start=\"2047\" data-end=\"2050\">F\u00fcr die Inhalte der verlinkten Seiten ist stets der jeweilige Anbieter oder Betreiber der Seiten verantwortlich.<\/p><p data-start=\"2164\" data-end=\"2566\">Die verlinkten Seiten wurden zum Zeitpunkt der Verlinkung auf m\u00f6gliche Rechtsverst\u00f6\u00dfe \u00fcberpr\u00fcft.<br data-start=\"2260\" data-end=\"2263\">Rechtswidrige Inhalte waren zum Zeitpunkt der Verlinkung nicht erkennbar.<br data-start=\"2336\" data-end=\"2339\">Eine permanente inhaltliche Kontrolle der verlinkten Seiten ist jedoch ohne konkrete Anhaltspunkte einer Rechtsverletzung nicht zumutbar.<br data-start=\"2476\" data-end=\"2479\">Bei Bekanntwerden von Rechtsverletzungen werden wir derartige Links umgehend entfernen.<\/p><hr data-start=\"2568\" data-end=\"2571\"><h2 data-start=\"2573\" data-end=\"2592\"><strong data-start=\"2576\" data-end=\"2592\">Urheberrecht<\/strong><\/h2><p data-start=\"2594\" data-end=\"2905\">Die durch die Seitenbetreiber erstellten Inhalte und Werke auf diesen Seiten unterliegen dem deutschen Urheberrecht.<br data-start=\"2710\" data-end=\"2713\">Die Vervielf\u00e4ltigung, Bearbeitung, Verbreitung und jede Art der Verwertung au\u00dferhalb der Grenzen des Urheberrechtes bed\u00fcrfen der schriftlichen Zustimmung des jeweiligen Autors bzw. Erstellers. <\/p><p data-start=\"2907\" data-end=\"3401\">Downloads und Kopien dieser Seite sind nur f\u00fcr den privaten, nicht kommerziellen Gebrauch gestattet.<br data-start=\"3007\" data-end=\"3010\">Soweit die Inhalte auf dieser Seite nicht vom Betreiber erstellt wurden, werden die Urheberrechte Dritter beachtet.<br data-start=\"3125\" data-end=\"3128\">Insbesondere werden Inhalte Dritter als solche gekennzeichnet.<br data-start=\"3190\" data-end=\"3193\">Sollten Sie trotzdem auf eine Urheberrechtsverletzung aufmerksam werden, bitten wir um einen entsprechenden Hinweis.<br data-start=\"3309\" data-end=\"3312\">Bei Bekanntwerden von Rechtsverletzungen werden wir derartige Inhalte umgehend entfernen.<\/p>\t\t\t\t\t\t\t\t<\/div>\n\t\t\t\t\t<\/div>\n\t\t\t\t<\/div>\n\t\t\t\t<\/div>\n\t\t","protected":false},"excerpt":{"rendered":"<p>Impressum Informationen gem\u00e4\u00df \u00a7 5 TMG KKS Polska sp. z o.o.ul. Parkowa 4B44-362 Rog\u00f3wPolen Registereintrag:Eingetragen im HandelsregisterRegistergericht: S\u0105d RejonowyRegisternummer: KRS 0001021675 Vertreten durch:Adam Eugen Stritzek \u2013 Gesch\u00e4ftsf\u00fchrer Kontakt:Telefon: +48 784 120 654E-Mail: job@kks-group.eu Umsatzsteuer-Identifikationsnummer gem\u00e4\u00df \u00a727a UStG:PL6472601804 Streitbeilegung Die Europ\u00e4ische Kommission stellt eine Plattform zur Online-Streitbeilegung (OS) bereit:https:\/\/ec.europa.eu\/consumers\/odr Unsere E-Mail-Adresse finden Sie oben im Impressum.Wir [&hellip;]<\/p>\n","protected":false},"author":1,"featured_media":0,"parent":0,"menu_order":0,"comment_status":"closed","ping_status":"closed","template":"","meta":{"footnotes":""},"class_list":["post-3152","page","type-page","status-publish","hentry"],"yoast_head":"<!-- This site is optimized with the Yoast SEO plugin v26.9 - https:\/\/yoast.com\/product\/yoast-seo-wordpress\/ -->\n<title>Impressum - KKS Group<\/title>\n<meta name=\"robots\" content=\"index, follow, max-snippet:-1, max-image-preview:large, max-video-preview:-1\" \/>\n<link rel=\"canonical\" href=\"https:\/\/kks-group.eu\/de\/impressum\/\" \/>\n<meta property=\"og:locale\" content=\"de_DE\" \/>\n<meta property=\"og:type\" content=\"article\" \/>\n<meta property=\"og:title\" content=\"Impressum - KKS Group\" \/>\n<meta property=\"og:description\" content=\"Impressum Informationen gem\u00e4\u00df \u00a7 5 TMG KKS Polska sp. z o.o.ul. Parkowa 4B44-362 Rog\u00f3wPolen Registereintrag:Eingetragen im HandelsregisterRegistergericht: S\u0105d RejonowyRegisternummer: KRS 0001021675 Vertreten durch:Adam Eugen Stritzek \u2013 Gesch\u00e4ftsf\u00fchrer Kontakt:Telefon: +48 784 120 654E-Mail: job@kks-group.eu Umsatzsteuer-Identifikationsnummer gem\u00e4\u00df \u00a727a UStG:PL6472601804 Streitbeilegung Die Europ\u00e4ische Kommission stellt eine Plattform zur Online-Streitbeilegung (OS) bereit:https:\/\/ec.europa.eu\/consumers\/odr Unsere E-Mail-Adresse finden Sie oben im Impressum.Wir [&hellip;]\" \/>\n<meta property=\"og:url\" content=\"https:\/\/kks-group.eu\/de\/impressum\/\" \/>\n<meta property=\"og:site_name\" content=\"KKS Group\" \/>\n<meta property=\"article:modified_time\" content=\"2026-01-29T23:25:12+00:00\" \/>\n<meta name=\"twitter:card\" content=\"summary_large_image\" \/>\n<meta name=\"twitter:label1\" content=\"Gesch\u00e4tzte Lesezeit\" \/>\n\t<meta name=\"twitter:data1\" content=\"2\u00a0Minuten\" \/>\n<script type=\"application\/ld+json\" class=\"yoast-schema-graph\">{\"@context\":\"https:\/\/schema.org\",\"@graph\":[{\"@type\":\"WebPage\",\"@id\":\"https:\/\/kks-group.eu\/de\/impressum\/\",\"url\":\"https:\/\/kks-group.eu\/de\/impressum\/\",\"name\":\"Impressum - KKS Group\",\"isPartOf\":{\"@id\":\"https:\/\/kks-group.eu\/de\/#website\"},\"datePublished\":\"2026-01-29T14:13:12+00:00\",\"dateModified\":\"2026-01-29T23:25:12+00:00\",\"breadcrumb\":{\"@id\":\"https:\/\/kks-group.eu\/de\/impressum\/#breadcrumb\"},\"inLanguage\":\"de\",\"potentialAction\":[{\"@type\":\"ReadAction\",\"target\":[\"https:\/\/kks-group.eu\/de\/impressum\/\"]}]},{\"@type\":\"BreadcrumbList\",\"@id\":\"https:\/\/kks-group.eu\/de\/impressum\/#breadcrumb\",\"itemListElement\":[{\"@type\":\"ListItem\",\"position\":1,\"name\":\"Strona g\u0142\u00f3wna\",\"item\":\"https:\/\/kks-group.eu\/de\/\"},{\"@type\":\"ListItem\",\"position\":2,\"name\":\"Impressum\"}]},{\"@type\":\"WebSite\",\"@id\":\"https:\/\/kks-group.eu\/de\/#website\",\"url\":\"https:\/\/kks-group.eu\/de\/\",\"name\":\"KKS Group\",\"description\":\"KKS Group\",\"publisher\":{\"@id\":\"https:\/\/kks-group.eu\/de\/#organization\"},\"potentialAction\":[{\"@type\":\"SearchAction\",\"target\":{\"@type\":\"EntryPoint\",\"urlTemplate\":\"https:\/\/kks-group.eu\/de\/?s={search_term_string}\"},\"query-input\":{\"@type\":\"PropertyValueSpecification\",\"valueRequired\":true,\"valueName\":\"search_term_string\"}}],\"inLanguage\":\"de\"},{\"@type\":\"Organization\",\"@id\":\"https:\/\/kks-group.eu\/de\/#organization\",\"name\":\"KKS Group\",\"url\":\"https:\/\/kks-group.eu\/de\/\",\"logo\":{\"@type\":\"ImageObject\",\"inLanguage\":\"de\",\"@id\":\"https:\/\/kks-group.eu\/de\/#\/schema\/logo\/image\/\",\"url\":\"https:\/\/kks-group.eu\/wp-content\/uploads\/2025\/11\/KKS-LOGO-3-e1762518730679.png\",\"contentUrl\":\"https:\/\/kks-group.eu\/wp-content\/uploads\/2025\/11\/KKS-LOGO-3-e1762518730679.png\",\"width\":2282,\"height\":848,\"caption\":\"KKS Group\"},\"image\":{\"@id\":\"https:\/\/kks-group.eu\/de\/#\/schema\/logo\/image\/\"}}]}<\/script>\n<!-- \/ Yoast SEO plugin. -->","yoast_head_json":{"title":"Impressum - KKS Group","robots":{"index":"index","follow":"follow","max-snippet":"max-snippet:-1","max-image-preview":"max-image-preview:large","max-video-preview":"max-video-preview:-1"},"canonical":"https:\/\/kks-group.eu\/de\/impressum\/","og_locale":"de_DE","og_type":"article","og_title":"Impressum - KKS Group","og_description":"Impressum Informationen gem\u00e4\u00df \u00a7 5 TMG KKS Polska sp. z o.o.ul. Parkowa 4B44-362 Rog\u00f3wPolen Registereintrag:Eingetragen im HandelsregisterRegistergericht: S\u0105d RejonowyRegisternummer: KRS 0001021675 Vertreten durch:Adam Eugen Stritzek \u2013 Gesch\u00e4ftsf\u00fchrer Kontakt:Telefon: +48 784 120 654E-Mail: job@kks-group.eu Umsatzsteuer-Identifikationsnummer gem\u00e4\u00df \u00a727a UStG:PL6472601804 Streitbeilegung Die Europ\u00e4ische Kommission stellt eine Plattform zur Online-Streitbeilegung (OS) bereit:https:\/\/ec.europa.eu\/consumers\/odr Unsere E-Mail-Adresse finden Sie oben im Impressum.Wir [&hellip;]","og_url":"https:\/\/kks-group.eu\/de\/impressum\/","og_site_name":"KKS Group","article_modified_time":"2026-01-29T23:25:12+00:00","twitter_card":"summary_large_image","twitter_misc":{"Gesch\u00e4tzte Lesezeit":"2\u00a0Minuten"},"schema":{"@context":"https:\/\/schema.org","@graph":[{"@type":"WebPage","@id":"https:\/\/kks-group.eu\/de\/impressum\/","url":"https:\/\/kks-group.eu\/de\/impressum\/","name":"Impressum - KKS Group","isPartOf":{"@id":"https:\/\/kks-group.eu\/de\/#website"},"datePublished":"2026-01-29T14:13:12+00:00","dateModified":"2026-01-29T23:25:12+00:00","breadcrumb":{"@id":"https:\/\/kks-group.eu\/de\/impressum\/#breadcrumb"},"inLanguage":"de","potentialAction":[{"@type":"ReadAction","target":["https:\/\/kks-group.eu\/de\/impressum\/"]}]},{"@type":"BreadcrumbList","@id":"https:\/\/kks-group.eu\/de\/impressum\/#breadcrumb","itemListElement":[{"@type":"ListItem","position":1,"name":"Strona g\u0142\u00f3wna","item":"https:\/\/kks-group.eu\/de\/"},{"@type":"ListItem","position":2,"name":"Impressum"}]},{"@type":"WebSite","@id":"https:\/\/kks-group.eu\/de\/#website","url":"https:\/\/kks-group.eu\/de\/","name":"KKS Group","description":"KKS Group","publisher":{"@id":"https:\/\/kks-group.eu\/de\/#organization"},"potentialAction":[{"@type":"SearchAction","target":{"@type":"EntryPoint","urlTemplate":"https:\/\/kks-group.eu\/de\/?s={search_term_string}"},"query-input":{"@type":"PropertyValueSpecification","valueRequired":true,"valueName":"search_term_string"}}],"inLanguage":"de"},{"@type":"Organization","@id":"https:\/\/kks-group.eu\/de\/#organization","name":"KKS Group","url":"https:\/\/kks-group.eu\/de\/","logo":{"@type":"ImageObject","inLanguage":"de","@id":"https:\/\/kks-group.eu\/de\/#\/schema\/logo\/image\/","url":"https:\/\/kks-group.eu\/wp-content\/uploads\/2025\/11\/KKS-LOGO-3-e1762518730679.png","contentUrl":"https:\/\/kks-group.eu\/wp-content\/uploads\/2025\/11\/KKS-LOGO-3-e1762518730679.png","width":2282,"height":848,"caption":"KKS Group"},"image":{"@id":"https:\/\/kks-group.eu\/de\/#\/schema\/logo\/image\/"}}]}},"_links":{"self":[{"href":"https:\/\/kks-group.eu\/de\/wp-json\/wp\/v2\/pages\/3152","targetHints":{"allow":["GET"]}}],"collection":[{"href":"https:\/\/kks-group.eu\/de\/wp-json\/wp\/v2\/pages"}],"about":[{"href":"https:\/\/kks-group.eu\/de\/wp-json\/wp\/v2\/types\/page"}],"author":[{"embeddable":true,"href":"https:\/\/kks-group.eu\/de\/wp-json\/wp\/v2\/users\/1"}],"replies":[{"embeddable":true,"href":"https:\/\/kks-group.eu\/de\/wp-json\/wp\/v2\/comments?post=3152"}],"version-history":[{"count":0,"href":"https:\/\/kks-group.eu\/de\/wp-json\/wp\/v2\/pages\/3152\/revisions"}],"wp:attachment":[{"href":"https:\/\/kks-group.eu\/de\/wp-json\/wp\/v2\/media?parent=3152"}],"curies":[{"name":"wp","href":"https:\/\/api.w.org\/{rel}","templated":true}]}}